{"id":1174,"date":"2021-10-05T07:30:28","date_gmt":"2019-09-23T10:26:45","guid":{"rendered":"https:\/\/www.alexistaule.studio\/website\/manifiesto-3\/"},"modified":"2023-11-30T09:32:27","modified_gmt":"2023-11-30T09:32:27","slug":"about_us","status":"publish","type":"page","link":"https:\/\/www.alexistaule.studio\/website\/about_us\/","title":{"rendered":"Nosotros"},"content":{"rendered":"","protected":false},"excerpt":{"rendered":"","protected":false},"author":1,"featured_media":0,"parent":0,"menu_order":37,"comment_status":"closed","ping_status":"closed","template":"","meta":[],"class_list":["post-1174","page","type-page","status-publish","hentry"],"grid":"{\r\n  \"colCount\": 31,\r\n  \"colGutter\": 1,\r\n  \"rowGutters\": [\r\n    8,\r\n    8,\r\n    8\r\n  ],\r\n  \"frameMargin\": 8,\r\n  \"topFrameMargin\": 5,\r\n  \"bottomFrameMargin\": 4,\r\n  \"rowAttrs\": [\r\n    {\r\n      \"relid\": 5\r\n    },\r\n    {\r\n      \"relid\": 8\r\n    },\r\n    {\r\n      \"relid\": 11\r\n    },\r\n    {\r\n      \"relid\": 12,\r\n      \"classes\": \"row_code\"\r\n    }\r\n  ],\r\n  \"bgColor\": null,\r\n  \"cont\": [\r\n    {\r\n      \"type\": \"text\",\r\n      \"cont\": \"<h1 class=\\\"_bigslogans_portada_small\\\">Manifiesto<br \/>Hipervisual<\/h1>\",\r\n      \"align\": \"bottom\",\r\n      \"row\": 0,\r\n      \"col\": 0,\r\n      \"colspan\": 30,\r\n      \"offsetx\": 0,\r\n      \"offsety\": 0,\r\n      \"spaceabove\": 0,\r\n      \"spacebelow\": 0,\r\n      \"yvel\": 1,\r\n      \"push\": 0,\r\n      \"relid\": 6,\r\n      \"frameOverflow\": \"\",\r\n      \"classes\": \"slogan_big_1\",\r\n      \"absolute_position\": false\r\n    },\r\n    {\r\n      \"type\": \"text\",\r\n      \"cont\": \"<h2 class=\\\"_bigslogans_portada_ultrasmall\\\">Qu\u00e9<\/h2><p class=\\\"_manifiesto_texto\\\">Vivimos en una sociedad ojoc\u00e9ntrica en la que las im\u00e1genes son el v\u00e9rtice de toda comunicaci\u00f3n. Ellas nos representan, nos definen y nos explican qu\u00e9, c\u00f3mo y por qu\u00e9 somos los que somos. Una imagen puede ganarnos, convencernos y seducirnos en tan solo un parpadeo. Ahora, imagina un sistema de creaci\u00f3n visual sin l\u00edmites, con un resultado tan perfecto o imperfecto como t\u00fa decidas. Y con una capacidad casi instintiva de cautivar y atrapar una mirada perdida entre sesenta mil se\u00f1ales m\u00e1s. Y eso es, justamente, el hipervisualismo, la libertad sin restricciones de convertir en una imagen hiperreal todo aquello que tu mente pueda imaginar.\u00a0<\/p>\",\r\n      \"align\": \"top\",\r\n      \"row\": 1,\r\n      \"col\": 0,\r\n      \"colspan\": 10,\r\n      \"offsetx\": 0,\r\n      \"offsety\": 0,\r\n      \"spaceabove\": 0,\r\n      \"spacebelow\": 0,\r\n      \"yvel\": 1,\r\n      \"push\": 0,\r\n      \"relid\": 4,\r\n      \"frameOverflow\": \"\",\r\n      \"absolute_position\": false\r\n    },\r\n    {\r\n      \"type\": \"text\",\r\n      \"cont\": \"<h2 class=\\\"_bigslogans_portada_ultrasmall\\\">Por qu\u00e9<\/h2><p class=\\\"_manifiesto_texto\\\">Eres \u00fanico y como tal te deben percibir. En un mundo que se expresa mediante la belleza de la imagen, ya no basta con impactar. Para persuadir, atraer y conquistar, qu\u00e9 mejor que ofrecer una experiencia capaz de atravesar el ojo y dirigirse al coraz\u00f3n. Ahora, los deseos, las aspiraciones y los placeres pueden ser algo m\u00e1s que simples promesas, pueden ser una experiencia visual en la que se pueda sentir el olor, el tacto y el sonido desde la retina.<\/p>\",\r\n      \"align\": \"top\",\r\n      \"row\": 1,\r\n      \"col\": 10,\r\n      \"colspan\": 11,\r\n      \"offsetx\": 0,\r\n      \"offsety\": 0,\r\n      \"spaceabove\": 0,\r\n      \"spacebelow\": 0,\r\n      \"yvel\": 1,\r\n      \"push\": 0,\r\n      \"relid\": 7,\r\n      \"absolute_position\": false,\r\n      \"frameOverflow\": \"\"\r\n    },\r\n    {\r\n      \"type\": \"text\",\r\n      \"cont\": \"<h2 class=\\\"_bigslogans_portada_ultrasmall\\\">C\u00f3mo<\/h2><p class=\\\"_manifiesto_texto\\\">El secreto va mucho m\u00e1s all\u00e1 de la interdisciplinariedad. Aunque el hipervisualismo surge de la fusi\u00f3n entre la fotograf\u00eda y las tecnolog\u00edas de generaci\u00f3n visual CGI (Computer Generated Images), detr\u00e1s de cada imagen que creamos se esconde algo m\u00e1s. Hay a\u00f1os de experiencia reconocida en prestigiosos premios. Hay un enfoque creativo espec\u00edfico para cada propuesta. Hay nuestras ganas y nuestro desempe\u00f1o. Y hay el conocimiento tecnol\u00f3gico y el aprendizaje continuo que nos permite estar siempre a la vanguardia de la innovaci\u00f3n.<\/p>\",\r\n      \"align\": \"top\",\r\n      \"row\": 1,\r\n      \"col\": 21,\r\n      \"colspan\": 10,\r\n      \"offsetx\": 0,\r\n      \"offsety\": 0,\r\n      \"spaceabove\": 0,\r\n      \"spacebelow\": 0,\r\n      \"yvel\": 1,\r\n      \"push\": 0,\r\n      \"relid\": 9,\r\n      \"frameOverflow\": \"\",\r\n      \"absolute_position\": false\r\n    },\r\n    {\r\n      \"type\": \"text\",\r\n      \"cont\": \"<h1 class=\\\"_bigslogans_portada_small\\\" style=\\\"text-align: center;\\\">Bao<br \/>Hypervisual<br \/>Productions<br \/><br \/>Pallars 101, 1\u00ba 3\u00aa <br \/>08018 Barcelona<br \/>Spain<br \/><br \/>+34 630 589 339<br \/><br \/><\/h1><h1 class=\\\"_bigslogans_portada_small\\\" style=\\\"text-align: center;\\\">\u00a0<a href=\\\"mailto:info@alexistaule.studio\\\">info@alexistaule.studio<\/a><br \/><br \/><a rel=\\\"noopener\\\" href=\\\"https:\/\/www.instagram.com\/bao.hypervisual.productions\/\\\" target=\\\"_blank\\\">Instagram<\/a><br \/><a rel=\\\"noopener\\\" href=\\\"https:\/\/www.behance.net\/baovisualstudio\\\" target=\\\"_blank\\\" data-id=\\\"0\\\">Behance<\/a><br \/><a rel=\\\"noopener\\\" href=\\\"https:\/\/www.linkedin.com\/company\/baostudio\/about\/\\\" target=\\\"_blank\\\">Linkedin<\/a><\/h1>\",\r\n      \"align\": \"top\",\r\n      \"row\": 2,\r\n      \"col\": 2,\r\n      \"colspan\": 26,\r\n      \"offsetx\": 0,\r\n      \"offsety\": 0,\r\n      \"spaceabove\": 0,\r\n      \"spacebelow\": 0,\r\n      \"yvel\": 1,\r\n      \"push\": 2,\r\n      \"relid\": 13,\r\n      \"classes\": \"slogan_big_2\",\r\n      \"absolute_position\": false\r\n    },\r\n    {\r\n      \"type\": \"html\",\r\n      \"cont\": \"<!DOCTYPE html>\\n\\n<head>\\n\\t<meta charset=\\\"UTF-8\\\">\\n\\t<title><\/title>\\n<\/head>\\n\\n<style>\\n\/*\\n:root {\\n\\t--percentage: 0%;\\n    }\\n*\/  \\n    \\n\\t.slogan_big_1 ._bigslogans_portada_small, .slogan_big_2 ._bigslogans_portada_small {\\n\\t\\tfont-family: NHaasGroteskDSPro-25Th;\\n\\t\\tmargin: 0;\\n\\t\\tpadding: 0;\\n\\t\\t\/*font-size: 18vw;*\/\\n\\t\\t\/*text-align: center;*\/\\n\\t\\tcolor: #1ceda7;\\n\\t\\tletter-spacing: -0.3px;\\n\\t\\t\/*background-image: linear-gradient(80deg, rgba(254, 26, 168, 0), rgba(255, 25, 167, 1) 14.71%, rgba(28, 237, 167, 1) 31.93%, rgba(28, 237, 167, 0), rgba(0, 255, 165, 1) 57.98%, rgba(198, 10, 248, 1) 73.95%, rgba(11, 0, 255, 0.53) 89.92%, rgba(28, 237, 167, 0));*\/\\n\\t    background-image: linear-gradient(0deg, rgba(28, 237, 167, 1), rgba(198, 10, 248, 1) 27.73%, rgb(28, 237, 167) 40.34%, rgb(255, 25, 168) 52.1%, rgb(28, 237, 167));\\n\\t\\t\/*background-size: 200% 100%;*\/\\n\\t\\tbackground-size: 100% 200%;\\n\\t\\tbackground-position-y: calc(100% - var(--percentage));\\n\\t\\t\/*background-position-x: calc(100% - var(--percentage));*\/\\n\\t\\tbackground-clip: text;\\n\\t\\t-webkit-background-clip: text;\\n\\t\\tcolor: transparent;\\n\\t}\\n<\/style>\\n\\n<body>\\n\\n\\t<script>\\n\\t\\tvar hiper1 = document.querySelector('.slogan_big_1')\\n\\t\\tdocument.addEventListener('scroll', (e) => {\\n\\t\\t\\tlet scrolled1 = document.documentElement.scrollTop \/ (document.documentElement.clientHeight \/ 2)\\n\\t\\t\\thiper1.style.setProperty('--percentage', `${scrolled1 * 100}%`)\\n\\t\\t})\\n\\t<\/script>\\n\\t\\n\\n\\t<script>\\n\\t\\tvar hiper2 = document.querySelector('.slogan_big_2')\\n\\t\\tdocument.addEventListener('scroll', (e) => {\\n\\t\\t\\tlet scrolled2 = document.documentElement.scrollTop \/ (document.documentElement.clientHeight \/ 2)\\n\\t\\t\\thiper2.style.setProperty('--percentage', `${scrolled2 * 100}%`)\\n\\t\\t})\\n\\t<\/script>\\n\\t\\n<\/body>\\n\\n<\/html>\",\r\n      \"align\": \"top\",\r\n      \"row\": 3,\r\n      \"col\": 4,\r\n      \"colspan\": 5,\r\n      \"offsetx\": 0,\r\n      \"offsety\": 0,\r\n      \"spaceabove\": 0,\r\n      \"spacebelow\": 0,\r\n      \"yvel\": 1,\r\n      \"push\": 4,\r\n      \"relid\": 10,\r\n      \"absolute_position\": false,\r\n      \"panelPosition\": {\r\n        \"width\": 1555.2,\r\n        \"height\": 924.3,\r\n        \"left\": \"86.39999999999998px\",\r\n        \"top\": \"51.35000000000002px\",\r\n        \"transform\": \"none\"\r\n      },\r\n      \"panelBodyHeight\": {\r\n        \"height\": \"788.3px\"\r\n      }\r\n    }\r\n  ]\r\n}","phonegrid":"","_links":{"self":[{"href":"https:\/\/www.alexistaule.studio\/website\/wp-json\/wp\/v2\/pages\/1174","targetHints":{"allow":["GET"]}}],"collection":[{"href":"https:\/\/www.alexistaule.studio\/website\/wp-json\/wp\/v2\/pages"}],"about":[{"href":"https:\/\/www.alexistaule.studio\/website\/wp-json\/wp\/v2\/types\/page"}],"author":[{"embeddable":true,"href":"https:\/\/www.alexistaule.studio\/website\/wp-json\/wp\/v2\/users\/1"}],"replies":[{"embeddable":true,"href":"https:\/\/www.alexistaule.studio\/website\/wp-json\/wp\/v2\/comments?post=1174"}],"version-history":[{"count":0,"href":"https:\/\/www.alexistaule.studio\/website\/wp-json\/wp\/v2\/pages\/1174\/revisions"}],"wp:attachment":[{"href":"https:\/\/www.alexistaule.studio\/website\/wp-json\/wp\/v2\/media?parent=1174"}],"curies":[{"name":"wp","href":"https:\/\/api.w.org\/{rel}","templated":true}]}}