{"id":1131,"date":"2021-07-14T07:31:06","date_gmt":"2019-09-23T10:26:45","guid":{"rendered":"https:\/\/www.alexistaule.studio\/website\/home-4\/"},"modified":"2023-06-19T20:35:53","modified_gmt":"2023-06-19T20:35:53","slug":"servicios","status":"publish","type":"page","link":"https:\/\/www.alexistaule.studio\/website\/servicios\/","title":{"rendered":"Servicios"},"content":{"rendered":"","protected":false},"excerpt":{"rendered":"","protected":false},"author":1,"featured_media":0,"parent":0,"menu_order":34,"comment_status":"closed","ping_status":"closed","template":"","meta":[],"class_list":["post-1131","page","type-page","status-publish","hentry"],"grid":"{\r\n  \"colCount\": 30,\r\n  \"colGutter\": 1,\r\n  \"rowGutters\": [\r\n    4,\r\n    4,\r\n    8,\r\n    10,\r\n    4,\r\n    4,\r\n    10,\r\n    4,\r\n    4\r\n  ],\r\n  \"frameMargin\": 8,\r\n  \"topFrameMargin\": 5,\r\n  \"bottomFrameMargin\": 4,\r\n  \"rowAttrs\": [\r\n    {\r\n      \"relid\": 7\r\n    },\r\n    {\r\n      \"relid\": 8\r\n    },\r\n    {\r\n      \"relid\": 24\r\n    },\r\n    {\r\n      \"relid\": 26\r\n    },\r\n    {\r\n      \"relid\": 19\r\n    },\r\n    {\r\n      \"relid\": 22\r\n    },\r\n    {\r\n      \"relid\": 11\r\n    },\r\n    {\r\n      \"relid\": 14\r\n    },\r\n    {\r\n      \"relid\": 15\r\n    },\r\n    {\r\n      \"relid\": 18,\r\n      \"classes\": \"row_code\"\r\n    }\r\n  ],\r\n  \"bgColor\": null,\r\n  \"cont\": [\r\n    {\r\n      \"type\": \"text\",\r\n      \"cont\": \"<h1 class=\\\"_bigslogans_portada_small\\\" style=\\\"text-align: center;\\\">Hiperm\u00e9todo<br \/>Hipervisual.<\/h1><p>\u00a0<\/p>\",\r\n      \"align\": \"top\",\r\n      \"row\": 0,\r\n      \"col\": 2,\r\n      \"colspan\": 26,\r\n      \"offsetx\": 0,\r\n      \"offsety\": 0,\r\n      \"spaceabove\": 0,\r\n      \"spacebelow\": 0,\r\n      \"yvel\": 1,\r\n      \"push\": 2,\r\n      \"relid\": 4,\r\n      \"classes\": \"slogan_big_1\",\r\n      \"absolute_position\": false\r\n    },\r\n    {\r\n      \"type\": \"text\",\r\n      \"cont\": \"<p class=\\\"_bigtitles_portada_texto\\\" style=\\\"text-align: center;\\\">En Bao te ayudamos a distinguirte de tu competencia y a consolidar una audiencia propia. Expresa el valor de tu marca con visuales de alto impacto. Comunica de una forma \u00fanica y diferenciadora, mostrando tu producto sin imperfecciones y con una creatividad infinita. Nuestro conocimiento tecnol\u00f3gico y el aprendizaje continuo nos permite estar siempre a la vanguardia de la innovaci\u00f3n, aplicada a la comunicaci\u00f3n visual.<br \/><br \/>Actualmente la construcci\u00f3n de una marca y su valor pasa por la creaci\u00f3n de una narrativa visual que conecte con tu audiencia. El relato de marca ha de empatizar y emocionar, no puedes crear una narrativa de marca coherente con visuales de bancos de im\u00e1genes que muestran est\u00e1ndares caducos o estereotipados.\u00a0Estas estrategias no dan el resultado necesario para conseguir impactar a tus clientes.<\/p><p class=\\\"_bigtitles_portada_texto\\\" style=\\\"text-align: center;\\\"><br \/>Necesitas construir un imaginario de marca propio y a medida de tus clientes.\u00a0La producci\u00f3n hipervisual requiere de creatividad y arte, estrategia, producci\u00f3n y postproducci\u00f3n as\u00ed como una implementaci\u00f3n 360 en los soportes de comunicaci\u00f3n convencionales y digitales.<\/p>\",\r\n      \"align\": \"top\",\r\n      \"row\": 1,\r\n      \"col\": 4,\r\n      \"colspan\": 22,\r\n      \"offsetx\": 0,\r\n      \"offsety\": 0,\r\n      \"spaceabove\": 0,\r\n      \"spacebelow\": 0,\r\n      \"yvel\": 1,\r\n      \"push\": 4,\r\n      \"relid\": 10,\r\n      \"frameOverflow\": \"\",\r\n      \"absolute_position\": false\r\n    },\r\n    {\r\n      \"type\": \"text\",\r\n      \"cont\": \"<h1 class=\\\"_links_calltoaction\\\" style=\\\"text-align: center;\\\"><a href=\\\"https:\/\/www.alexistaule.studio\/website\/work-2\/\\\" data-type=\\\"page\\\" data-id=\\\"1271\\\" data-title=\\\"Proyectos2\\\">Ver proyectos<\/a><\/h1>\",\r\n      \"align\": \"top\",\r\n      \"row\": 2,\r\n      \"col\": 11,\r\n      \"colspan\": 8,\r\n      \"offsetx\": 0,\r\n      \"offsety\": 0,\r\n      \"spaceabove\": 0,\r\n      \"spacebelow\": 0,\r\n      \"yvel\": 1,\r\n      \"push\": 11,\r\n      \"relid\": 25,\r\n      \"classes\": \"button1_callaction \",\r\n      \"frameOverflow\": \"\",\r\n      \"absolute_position\": false\r\n    },\r\n    {\r\n      \"type\": \"img\",\r\n      \"cont\": \"\/wp-content\/uploads\/2023\/05\/organigrama_servicios_english_v3.svg\",\r\n      \"align\": \"top\",\r\n      \"row\": 3,\r\n      \"col\": 7,\r\n      \"colspan\": 16,\r\n      \"offsetx\": 0,\r\n      \"offsety\": 0,\r\n      \"spaceabove\": 0,\r\n      \"spacebelow\": 0,\r\n      \"yvel\": 1,\r\n      \"push\": 7,\r\n      \"relid\": 414,\r\n      \"attid\": 1509,\r\n      \"sizes\": {\r\n        \"full\": \"\/wp-content\/uploads\/2023\/05\/organigrama_servicios_english_v3.svg\"\r\n      },\r\n      \"w\": 1100,\r\n      \"h\": 1100,\r\n      \"ar\": 1,\r\n      \"alt\": \"\",\r\n      \"absolute_position\": false,\r\n      \"frameOverflow\": \"\"\r\n    },\r\n    {\r\n      \"type\": \"text\",\r\n      \"cont\": \"<h1 class=\\\"_bigslogans_portada_small\\\" style=\\\"text-align: center;\\\">Servicios, nos<br \/>encargamos de todo :)<\/h1><p>\u00a0<\/p>\",\r\n      \"align\": \"top\",\r\n      \"row\": 4,\r\n      \"col\": 2,\r\n      \"colspan\": 26,\r\n      \"offsetx\": 0,\r\n      \"offsety\": 0,\r\n      \"spaceabove\": 0,\r\n      \"spacebelow\": 0,\r\n      \"yvel\": 1,\r\n      \"push\": 2,\r\n      \"relid\": 21,\r\n      \"classes\": \"slogan_big_3\",\r\n      \"absolute_position\": false\r\n    },\r\n    {\r\n      \"type\": \"text\",\r\n      \"cont\": \"<p class=\\\"_bigtitles_portada_texto\\\" style=\\\"text-align: center;\\\">En la construcci\u00f3n Hipervisual cada una de las capas del<br \/>m\u00e9todo require de un desarrollo y una \u00a0planificaci\u00f3n: desde la idea<br \/>creativa a \u00a0la producci\u00f3n e implementacion final, por ello ofrecemos<br \/>los siguientes servicios:<\/p>\",\r\n      \"align\": \"top\",\r\n      \"row\": 5,\r\n      \"col\": 3,\r\n      \"colspan\": 24,\r\n      \"offsetx\": 0,\r\n      \"offsety\": 0,\r\n      \"spaceabove\": 0,\r\n      \"spacebelow\": 0,\r\n      \"yvel\": 1,\r\n      \"push\": 3,\r\n      \"relid\": 23,\r\n      \"absolute_position\": false,\r\n      \"frameOverflow\": \"\"\r\n    },\r\n    {\r\n      \"type\": \"text\",\r\n      \"cont\": \"<h1 class=\\\"_bigslogans_portada_small\\\" style=\\\"text-align: center;\\\">Creatividad<br \/>Direcci\u00f3n de Arte<br \/>Producci\u00f3n<br \/><br \/>CGI<br \/>Fotograf\u00eda<br \/>Animaci\u00f3n<br \/>Video<br \/>Motion<br \/>Dise\u00f1o gr\u00e1fico<br \/>Branding<br \/><br \/>Web<br \/>App<br \/>RRSS<br \/>Editorial<\/h1><p>\u00a0<\/p>\",\r\n      \"align\": \"top\",\r\n      \"row\": 6,\r\n      \"col\": 0,\r\n      \"colspan\": 30,\r\n      \"offsetx\": 0,\r\n      \"offsety\": 0,\r\n      \"spaceabove\": 0,\r\n      \"spacebelow\": 0,\r\n      \"yvel\": 1,\r\n      \"push\": 0,\r\n      \"relid\": 5,\r\n      \"classes\": \"slogan_big_2\",\r\n      \"absolute_position\": false,\r\n      \"frameOverflow\": \"\"\r\n    },\r\n    {\r\n      \"type\": \"text\",\r\n      \"cont\": \"<p class=\\\"_bigtitles_portada_texto\\\" style=\\\"text-align: center;\\\">Han confiado en nuestros servicios:<\/p>\",\r\n      \"align\": \"top\",\r\n      \"row\": 7,\r\n      \"col\": 5,\r\n      \"colspan\": 20,\r\n      \"offsetx\": 0,\r\n      \"offsety\": 0,\r\n      \"spaceabove\": 0,\r\n      \"spacebelow\": 0,\r\n      \"yvel\": 1,\r\n      \"push\": 5,\r\n      \"relid\": 6,\r\n      \"frameOverflow\": \"\",\r\n      \"absolute_position\": false\r\n    },\r\n    {\r\n      \"type\": \"elementgrid\",\r\n      \"cont\": \"\",\r\n      \"align\": \"top\",\r\n      \"row\": 8,\r\n      \"col\": 0,\r\n      \"colspan\": 30,\r\n      \"offsetx\": 0,\r\n      \"offsety\": 0,\r\n      \"spaceabove\": 0,\r\n      \"spacebelow\": 0,\r\n      \"yvel\": 1,\r\n      \"push\": 0,\r\n      \"relid\": 1314,\r\n      \"config\": {\r\n        \"desktop\": {\r\n          \"colCount\": 6,\r\n          \"colGutter\": 1,\r\n          \"rowGutter\": 1\r\n        },\r\n        \"tablet\": {\r\n          \"colCount\": 6,\r\n          \"colGutter\": 1,\r\n          \"rowGutter\": 1\r\n        },\r\n        \"phone\": {\r\n          \"colCount\": 2,\r\n          \"colGutter\": 1,\r\n          \"rowGutter\": 1\r\n        },\r\n        \"layoutType\": \"masonry\",\r\n        \"elements\": [\r\n          {\r\n            \"type\": \"img\",\r\n            \"attid\": 1172,\r\n            \"cont\": \"\/wp-content\/uploads\/2021\/09\/all-logos-01-01.svg\",\r\n            \"sizes\": {\r\n              \"full\": \"\/wp-content\/uploads\/2021\/09\/all-logos-01-01.svg\"\r\n            },\r\n            \"w\": 600,\r\n            \"h\": 600,\r\n            \"ar\": 1,\r\n            \"alt\": \"\"\r\n          },\r\n          {\r\n            \"type\": \"img\",\r\n            \"attid\": 1166,\r\n            \"cont\": \"\/wp-content\/uploads\/2021\/09\/all-logos-10.svg\",\r\n            \"sizes\": {\r\n              \"full\": \"\/wp-content\/uploads\/2021\/09\/all-logos-10.svg\"\r\n            },\r\n            \"w\": 600,\r\n            \"h\": 600,\r\n            \"ar\": 1,\r\n            \"alt\": \"\"\r\n          },\r\n          {\r\n            \"type\": \"img\",\r\n            \"attid\": 1167,\r\n            \"cont\": \"\/wp-content\/uploads\/2021\/09\/all-logos-11.svg\",\r\n            \"sizes\": {\r\n              \"full\": \"\/wp-content\/uploads\/2021\/09\/all-logos-11.svg\"\r\n            },\r\n            \"w\": 600,\r\n            \"h\": 600,\r\n            \"ar\": 1,\r\n            \"alt\": \"\"\r\n          },\r\n          {\r\n            \"type\": \"img\",\r\n            \"attid\": 1164,\r\n            \"cont\": \"\/wp-content\/uploads\/2021\/09\/all-logos-08.svg\",\r\n            \"sizes\": {\r\n              \"full\": \"\/wp-content\/uploads\/2021\/09\/all-logos-08.svg\"\r\n            },\r\n            \"w\": 600,\r\n            \"h\": 600,\r\n            \"ar\": 1,\r\n            \"alt\": \"\"\r\n          },\r\n          {\r\n            \"type\": \"img\",\r\n            \"attid\": 1165,\r\n            \"cont\": \"\/wp-content\/uploads\/2021\/09\/all-logos-09.svg\",\r\n            \"sizes\": {\r\n              \"full\": \"\/wp-content\/uploads\/2021\/09\/all-logos-09.svg\"\r\n            },\r\n            \"w\": 600,\r\n            \"h\": 600,\r\n            \"ar\": 1,\r\n            \"alt\": \"\"\r\n          },\r\n          {\r\n            \"type\": \"img\",\r\n            \"attid\": 1163,\r\n            \"cont\": \"\/wp-content\/uploads\/2021\/09\/all-logos-07.svg\",\r\n            \"sizes\": {\r\n              \"full\": \"\/wp-content\/uploads\/2021\/09\/all-logos-07.svg\"\r\n            },\r\n            \"w\": 600,\r\n            \"h\": 600,\r\n            \"ar\": 1,\r\n            \"alt\": \"\"\r\n          },\r\n          {\r\n            \"type\": \"img\",\r\n            \"attid\": 1161,\r\n            \"cont\": \"\/wp-content\/uploads\/2021\/09\/all-logos-05.svg\",\r\n            \"sizes\": {\r\n              \"full\": \"\/wp-content\/uploads\/2021\/09\/all-logos-05.svg\"\r\n            },\r\n            \"w\": 600,\r\n            \"h\": 600,\r\n            \"ar\": 1,\r\n            \"alt\": \"\"\r\n          },\r\n          {\r\n            \"type\": \"img\",\r\n            \"attid\": 1162,\r\n            \"cont\": \"\/wp-content\/uploads\/2021\/09\/all-logos-06.svg\",\r\n            \"sizes\": {\r\n              \"full\": \"\/wp-content\/uploads\/2021\/09\/all-logos-06.svg\"\r\n            },\r\n            \"w\": 600,\r\n            \"h\": 600,\r\n            \"ar\": 1,\r\n            \"alt\": \"\"\r\n          },\r\n          {\r\n            \"type\": \"img\",\r\n            \"attid\": 1158,\r\n            \"cont\": \"\/wp-content\/uploads\/2021\/09\/all-logos-02.svg\",\r\n            \"sizes\": {\r\n              \"full\": \"\/wp-content\/uploads\/2021\/09\/all-logos-02.svg\"\r\n            },\r\n            \"w\": 600,\r\n            \"h\": 600,\r\n            \"ar\": 1,\r\n            \"alt\": \"\"\r\n          },\r\n          {\r\n            \"type\": \"img\",\r\n            \"attid\": 1159,\r\n            \"cont\": \"\/wp-content\/uploads\/2021\/09\/all-logos-03.svg\",\r\n            \"sizes\": {\r\n              \"full\": \"\/wp-content\/uploads\/2021\/09\/all-logos-03.svg\"\r\n            },\r\n            \"w\": 600,\r\n            \"h\": 600,\r\n            \"ar\": 1,\r\n            \"alt\": \"\"\r\n          },\r\n          {\r\n            \"type\": \"img\",\r\n            \"attid\": 1160,\r\n            \"cont\": \"\/wp-content\/uploads\/2021\/09\/all-logos-04.svg\",\r\n            \"sizes\": {\r\n              \"full\": \"\/wp-content\/uploads\/2021\/09\/all-logos-04.svg\"\r\n            },\r\n            \"w\": 600,\r\n            \"h\": 600,\r\n            \"ar\": 1,\r\n            \"alt\": \"\"\r\n          },\r\n          {\r\n            \"type\": \"img\",\r\n            \"attid\": 1176,\r\n            \"cont\": \"\/wp-content\/uploads\/2021\/11\/00-all-logos-13.svg\",\r\n            \"sizes\": {\r\n              \"full\": \"\/wp-content\/uploads\/2021\/11\/00-all-logos-13.svg\"\r\n            },\r\n            \"w\": 600,\r\n            \"h\": 600,\r\n            \"ar\": 1,\r\n            \"alt\": \"\"\r\n          }\r\n        ]\r\n      },\r\n      \"frameOverflow\": \"\",\r\n      \"absolute_position\": false\r\n    },\r\n    {\r\n      \"type\": \"html\",\r\n      \"cont\": \"<!DOCTYPE html>\\n\\n<head>\\n\\t<meta charset=\\\"UTF-8\\\">\\n\\t<title><\/title>\\n<\/head>\\n\\n<style>\\n\/*\\n:root {\\n\\t--percentage: 0%;\\n    }\\n*\/  \\n    \\n\\t.slogan_big_1 ._bigslogans_portada, .slogan_big_1 ._bigslogans_portada_small, .slogan_big_1 ._bigslogans_portada_small {\\n\\t\\tfont-family: NHaasGroteskDSPro-25Th;\\n\\t\\tmargin: 0;\\n\\t\\tpadding: 0;\\n\\t\\t\/*font-size: 18vw;*\/\\n\\t\\t\/*text-align: center;*\/\\n\\t\\tcolor: #1ceda7;\\n\\t\\tletter-spacing: -0.3px;\\n\\t\\t\/*background-image: linear-gradient(80deg, rgba(254, 26, 168, 0), rgba(255, 25, 167, 1) 14.71%, rgba(28, 237, 167, 1) 31.93%, rgba(28, 237, 167, 0), rgba(0, 255, 165, 1) 57.98%, rgba(198, 10, 248, 1) 73.95%, rgba(11, 0, 255, 0.53) 89.92%, rgba(28, 237, 167, 0));*\/\\n\\t    background-image: linear-gradient(0deg, rgba(28, 237, 167, 1), rgba(198, 10, 248, 1) 27.73%, rgb(28, 237, 167) 51.68%, rgb(255, 25, 168) 78.57%, rgb(28, 237, 167));\\n\\t\\t\/*background-size: 200% 100%;*\/\\n\\t\\tbackground-size: 100% 200%;\\n\\t\\tbackground-position-y: calc(100% - var(--percentage));\\n\\t\\t\/*background-position-x: calc(100% - var(--percentage));*\/\\n\\t\\tbackground-clip: text;\\n\\t\\t-webkit-background-clip: text;\\n\\t\\tcolor: transparent;\\n\\t}\\n<\/style>\\n\\n<body>\\n\\n\\t<script>\\n\\t\\tvar hiper1 = document.querySelector('.slogan_big_1')\\n\\t\\tdocument.addEventListener('scroll', (e) => {\\n\\t\\t\\tlet scrolled1 = document.documentElement.scrollTop \/ (document.documentElement.clientHeight \/ 2)\\n\\t\\t\\thiper1.style.setProperty('--percentage', `${scrolled1 * 100}%`)\\n\\t\\t})\\n\\t<\/script>\\n\\t\\n<\/body>\\n\\n<\/html>\",\r\n      \"align\": \"top\",\r\n      \"row\": 9,\r\n      \"col\": 1,\r\n      \"colspan\": 3,\r\n      \"offsetx\": 0,\r\n      \"offsety\": 0,\r\n      \"spaceabove\": 0,\r\n      \"spacebelow\": 0,\r\n      \"yvel\": 1,\r\n      \"push\": 1,\r\n      \"relid\": 17,\r\n      \"absolute_position\": false,\r\n      \"panelPosition\": {\r\n        \"width\": 1555.2,\r\n        \"height\": 924.3,\r\n        \"left\": \"86.39999999999998px\",\r\n        \"top\": \"51.35000000000002px\",\r\n        \"transform\": \"none\"\r\n      },\r\n      \"panelBodyHeight\": {\r\n        \"height\": \"788.3px\"\r\n      }\r\n    },\r\n    {\r\n      \"type\": \"html\",\r\n      \"cont\": \"<!DOCTYPE html>\\n\\n<head>\\n\\t<meta charset=\\\"UTF-8\\\">\\n\\t<title><\/title>\\n<\/head>\\n\\n<style>\\n\/*\\n:root {\\n\\t--percentage: 0%;\\n    }\\n*\/  \\n    \\n\\t.slogan_big_2 ._bigslogans_portada, .slogan_big_2 ._bigslogans_portada_small, .slogan_big_1 ._bigslogans_portada_small {\\n\\t\\tfont-family: NHaasGroteskDSPro-25Th;\\n\\t\\tmargin: 0;\\n\\t\\tpadding: 0;\\n\\t\\t\/*font-size: 18vw;*\/\\n\\t\\t\/*text-align: center;*\/\\n\\t\\tcolor: #1ceda7;\\n\\t\\tletter-spacing: -0.3px;\\n\\t\\t\/*background-image: linear-gradient(80deg, rgba(254, 26, 168, 0), rgba(255, 25, 167, 1) 14.71%, rgba(28, 237, 167, 1) 31.93%, rgba(28, 237, 167, 0), rgba(0, 255, 165, 1) 57.98%, rgba(198, 10, 248, 1) 73.95%, rgba(11, 0, 255, 0.53) 89.92%, rgba(28, 237, 167, 0));*\/\\n\\t    background-image: linear-gradient(0deg, rgba(28, 237, 167, 1), rgba(198, 10, 248, 1) 27.73%, rgb(28, 237, 167) 51.68%, rgb(255, 25, 168) 78.57%, rgb(28, 237, 167));\\n\\t\\t\/*background-size: 200% 100%;*\/\\n\\t\\tbackground-size: 100% 200%;\\n\\t\\tbackground-position-y: calc(100% - var(--percentage));\\n\\t\\t\/*background-position-x: calc(100% - var(--percentage));*\/\\n\\t\\tbackground-clip: text;\\n\\t\\t-webkit-background-clip: text;\\n\\t\\tcolor: transparent;\\n\\t}\\n<\/style>\\n\\n<body>\\n\\n\\t<script>\\n\\t\\tvar hiper2 = document.querySelector('.slogan_big_2')\\n\\t\\tdocument.addEventListener('scroll', (e) => {\\n\\t\\t\\tlet scrolled2 = document.documentElement.scrollTop \/ (document.documentElement.clientHeight \/ 2)\\n\\t\\t\\thiper2.style.setProperty('--percentage', `${scrolled2 * 100}%`)\\n\\t\\t})\\n\\t<\/script>\\n\\t\\n\\t\\n<\/body>\\n\\n<\/html>\",\r\n      \"align\": \"top\",\r\n      \"row\": 9,\r\n      \"col\": 5,\r\n      \"colspan\": 3,\r\n      \"offsetx\": 0,\r\n      \"offsety\": 0,\r\n      \"spaceabove\": 0,\r\n      \"spacebelow\": 0,\r\n      \"yvel\": 1,\r\n      \"push\": 1,\r\n      \"relid\": 9,\r\n      \"frameOverflow\": \"\",\r\n      \"absolute_position\": false,\r\n      \"panelPosition\": {\r\n        \"width\": 1555.2,\r\n        \"height\": 924.3,\r\n        \"left\": \"86.39999999999998px\",\r\n        \"top\": \"51.35000000000002px\",\r\n        \"transform\": \"none\"\r\n      },\r\n      \"panelBodyHeight\": {\r\n        \"height\": \"788.3px\"\r\n      }\r\n    },\r\n    {\r\n      \"type\": \"html\",\r\n      \"cont\": \"<!DOCTYPE html>\\n\\n<head>\\n\\t<meta charset=\\\"UTF-8\\\">\\n\\t<title><\/title>\\n<\/head>\\n\\n<style>\\n\/*\\n:root {\\n\\t--percentage: 0%;\\n    }\\n*\/  \\n    \\n\\t.slogan_big_3 ._bigslogans_portada, .slogan_big_3 ._bigslogans_portada_small {\\n\\t\\tfont-family: NHaasGroteskDSPro-25Th;\\n\\t\\tmargin: 0;\\n\\t\\tpadding: 0;\\n\\t\\t\/*font-size: 18vw;*\/\\n\\t\\t\/*text-align: center;*\/\\n\\t\\tcolor: #1ceda7;\\n\\t\\tletter-spacing: -0.3px;\\n\\t\\t\/*background-image: linear-gradient(0deg, rgba(28, 237, 167, 1) 2.94%, rgba(30, 0, 255, 1) 19.75%, rgba(255, 25, 167, 1) 40.34%, rgba(114, 5, 255, 1) 59.24%, rgb(31, 0, 255) 79.41%, rgb(32, 213, 144));*\/\\n\\t\\tbackground-image: linear-gradient(0deg, rgba(28, 237, 167, 1), rgba(198, 10, 248, 1) 27.73%, rgb(28, 237, 167) 51.68%, rgb(255, 25, 168) 78.57%, rgb(28, 237, 167));\\n\\t\\tbackground-size: 100% 200%;\\n\\t\\tbackground-position-y: calc(100% - var(--percentage));\\n\\t\\tbackground-clip: text;\\n\\t\\t-webkit-background-clip: text;\\n\\t\\tcolor: transparent;\\n\\t}\\n<\/style>\\n\\n<body>\\n\\n\\t<script>\\n\\t\\tvar hiper3 = document.querySelector('.slogan_big_3')\\n\\t\\tdocument.addEventListener('scroll', (e) => {\\n\\t\\t\\tlet scrolled3 = document.documentElement.scrollTop \/ (document.documentElement.clientHeight \/ 2)\\n\\t\\t\\thiper3.style.setProperty('--percentage', `${scrolled3 * 100}%`)\\n\\t\\t})\\n\\t<\/script>\\n<\/body>\\n\\n<\/html>\",\r\n      \"align\": \"top\",\r\n      \"row\": 9,\r\n      \"col\": 9,\r\n      \"colspan\": 3,\r\n      \"offsetx\": 0,\r\n      \"offsety\": 0,\r\n      \"spaceabove\": 0,\r\n      \"spacebelow\": 0,\r\n      \"yvel\": 1,\r\n      \"push\": 1,\r\n      \"relid\": 16,\r\n      \"absolute_position\": false,\r\n      \"panelPosition\": {\r\n        \"width\": 1555.2,\r\n        \"height\": 924.3,\r\n        \"left\": \"86.39999999999998px\",\r\n        \"top\": \"51.35000000000002px\",\r\n        \"transform\": \"none\"\r\n      },\r\n      \"panelBodyHeight\": {\r\n        \"height\": \"788.3px\"\r\n      }\r\n    }\r\n  ]\r\n}","phonegrid":"","_links":{"self":[{"href":"https:\/\/www.alexistaule.studio\/website\/wp-json\/wp\/v2\/pages\/1131","targetHints":{"allow":["GET"]}}],"collection":[{"href":"https:\/\/www.alexistaule.studio\/website\/wp-json\/wp\/v2\/pages"}],"about":[{"href":"https:\/\/www.alexistaule.studio\/website\/wp-json\/wp\/v2\/types\/page"}],"author":[{"embeddable":true,"href":"https:\/\/www.alexistaule.studio\/website\/wp-json\/wp\/v2\/users\/1"}],"replies":[{"embeddable":true,"href":"https:\/\/www.alexistaule.studio\/website\/wp-json\/wp\/v2\/comments?post=1131"}],"version-history":[{"count":0,"href":"https:\/\/www.alexistaule.studio\/website\/wp-json\/wp\/v2\/pages\/1131\/revisions"}],"wp:attachment":[{"href":"https:\/\/www.alexistaule.studio\/website\/wp-json\/wp\/v2\/media?parent=1131"}],"curies":[{"name":"wp","href":"https:\/\/api.w.org\/{rel}","templated":true}]}}